{"id":158,"date":"2021-11-18T14:39:30","date_gmt":"2021-11-18T13:39:30","guid":{"rendered":"http:\/\/meyleendah.com\/?page_id=158"},"modified":"2023-06-24T11:23:45","modified_gmt":"2023-06-24T09:23:45","slug":"mentions-legales","status":"publish","type":"page","link":"https:\/\/meyleendah.com\/index.php\/mentions-legales\/","title":{"rendered":"Mentions L\u00e9gales"},"content":{"rendered":"\t\t<div data-elementor-type=\"wp-page\" data-elementor-id=\"158\" class=\"elementor elementor-158\" data-elementor-settings=\"[]\">\n\t\t\t\t\t\t\t<div class=\"elementor-section-wrap\">\n\t\t\t\t\t\t\t<section class=\"elementor-section elementor-top-section elementor-element elementor-element-6ed9873 elementor-section-boxed elementor-section-height-default elementor-section-height-default\" data-id=\"6ed9873\" data-element_type=\"section\">\n\t\t\t\t\t\t<div class=\"elementor-container elementor-column-gap-default\">\n\t\t\t\t\t<div class=\"elementor-column elementor-col-100 elementor-top-column elementor-element elementor-element-3c716f9\" data-id=\"3c716f9\" data-element_type=\"column\">\n\t\t\t<div class=\"elementor-widget-wrap elementor-element-populated\">\n\t\t\t\t\t\t\t\t<div class=\"elementor-element elementor-element-d040e50 elementor-widget elementor-widget-heading\" data-id=\"d040e50\" data-element_type=\"widget\" data-widget_type=\"heading.default\">\n\t\t\t\t<div class=\"elementor-widget-container\">\n\t\t\t<h2 class=\"elementor-heading-title elementor-size-default\">Mentions l\u00e9gales<\/h2>\t\t<\/div>\n\t\t\t\t<\/div>\n\t\t\t\t\t<\/div>\n\t\t<\/div>\n\t\t\t\t\t\t\t<\/div>\n\t\t<\/section>\n\t\t\t\t<section class=\"elementor-section elementor-top-section elementor-element elementor-element-15fac1a elementor-section-boxed elementor-section-height-default elementor-section-height-default\" data-id=\"15fac1a\" data-element_type=\"section\">\n\t\t\t\t\t\t<div class=\"elementor-container elementor-column-gap-default\">\n\t\t\t\t\t<div class=\"elementor-column elementor-col-100 elementor-top-column elementor-element elementor-element-50abf81\" data-id=\"50abf81\" data-element_type=\"column\">\n\t\t\t<div class=\"elementor-widget-wrap elementor-element-populated\">\n\t\t\t\t\t\t\t\t<div class=\"elementor-element elementor-element-cf1e1b1 elementor-widget elementor-widget-image\" data-id=\"cf1e1b1\" data-element_type=\"widget\" data-widget_type=\"image.default\">\n\t\t\t\t<div class=\"elementor-widget-container\">\n\t\t\t\t\t\t\t\t\t\t\t\t\t\t\t<img loading=\"lazy\" decoding=\"async\" width=\"300\" height=\"201\" src=\"https:\/\/meyleendah.com\/wp-content\/uploads\/2021\/11\/men-300x201.png\" class=\"attachment-medium size-medium\" alt=\"\" srcset=\"https:\/\/meyleendah.com\/wp-content\/uploads\/2021\/11\/men-300x201.png 300w, https:\/\/meyleendah.com\/wp-content\/uploads\/2021\/11\/men.png 536w\" sizes=\"auto, (max-width: 300px) 100vw, 300px\" \/>\t\t\t\t\t\t\t\t\t\t\t\t\t\t\t<\/div>\n\t\t\t\t<\/div>\n\t\t\t\t\t<\/div>\n\t\t<\/div>\n\t\t\t\t\t\t\t<\/div>\n\t\t<\/section>\n\t\t\t\t<section class=\"elementor-section elementor-top-section elementor-element elementor-element-17202ff elementor-section-boxed elementor-section-height-default elementor-section-height-default\" data-id=\"17202ff\" data-element_type=\"section\">\n\t\t\t\t\t\t<div class=\"elementor-container elementor-column-gap-default\">\n\t\t\t\t\t<div class=\"elementor-column elementor-col-100 elementor-top-column elementor-element elementor-element-8f13ca9\" data-id=\"8f13ca9\" data-element_type=\"column\">\n\t\t\t<div class=\"elementor-widget-wrap elementor-element-populated\">\n\t\t\t\t\t\t\t\t<div class=\"elementor-element elementor-element-4c3277a elementor-widget elementor-widget-text-editor\" data-id=\"4c3277a\" data-element_type=\"widget\" data-widget_type=\"text-editor.default\">\n\t\t\t\t<div class=\"elementor-widget-container\">\n\t\t\t\t\t\t\t<p><b>MENTIONS LEGALES DE MEYLEENDAH.COM<\/b><\/p><p><b style=\"color: var( --e-global-color-text ); font-family: var( --e-global-typography-text-font-family ), Sans-serif;\">\u00c9diteur<\/b><span style=\"color: var( --e-global-color-text ); font-family: var( --e-global-typography-text-font-family ), Sans-serif; font-weight: var( --e-global-typography-text-font-weight );\"> : MEYLEENDAH, SASU, 28 Boulevard Jean Allemane 95100 Argenteuil, au capital de 1\u00a0000 \u20ac,<\/span><\/p><p><span style=\"color: var( --e-global-color-text ); font-family: var( --e-global-typography-text-font-family ), Sans-serif; font-weight: var( --e-global-typography-text-font-weight ); text-align: justify;\">\u00a0immatricul\u00e9e sous le siret <\/span><span style=\"color: var( --e-global-color-text ); font-family: var( --e-global-typography-text-font-family ), Sans-serif; font-weight: var( --e-global-typography-text-font-weight ); text-align: justify;\">\u00a0<\/span><span style=\"color: var( --e-global-color-text ); font-family: var( --e-global-typography-text-font-family ), Sans-serif; font-weight: var( --e-global-typography-text-font-weight ); text-align: justify;\">903 480 820 R.C.S. Pontoise<\/span><\/p><p style=\"margin: 0cm 0cm 12pt; text-align: justify; background-image: initial; background-position: initial; background-size: initial; background-repeat: initial; background-attachment: initial; background-origin: initial; background-clip: initial;\"><b>Directeur de publication<\/b> : MARTYR-FALE M\u00e9linda ( g\u00e9rante )<\/p><p style=\"margin: 0cm 0cm 12pt; text-align: justify; background-image: initial; background-position: initial; background-size: initial; background-repeat: initial; background-attachment: initial; background-origin: initial; background-clip: initial;\"><b>Contact : <\/b>contact@meyleendah.com<\/p><p style=\"margin: 0cm 0cm 12pt; text-align: justify; background-image: initial; background-position: initial; background-size: initial; background-repeat: initial; background-attachment: initial; background-origin: initial; background-clip: initial;\"><b>H\u00e9bergeur :<\/b> Site web h\u00e9berg\u00e9 chez ovh r\u00e9alis\u00e9 par\u00a0<a href=\"http:\/\/www.pro-concept-entreprise.fr\">www.pro-concept-entreprise.fr<\/a>\u00a0, copyright 2021 tous droits r\u00e9serv\u00e9s<\/p><p style=\"margin: 0cm 0cm 12pt; text-align: justify; background-image: initial; background-position: initial; background-size: initial; background-repeat: initial; background-attachment: initial; background-origin: initial; background-clip: initial;\"><b>\u00a0<\/b><\/p><p style=\"margin: 0cm 0cm 12pt; text-align: justify; background-image: initial; background-position: initial; background-size: initial; background-repeat: initial; background-attachment: initial; background-origin: initial; background-clip: initial;\"><b>LIENS HYPERTEXTES<\/b><\/p><p style=\"margin: 0cm 0cm 12pt; text-align: justify; background-image: initial; background-position: initial; background-size: initial; background-repeat: initial; background-attachment: initial; background-origin: initial; background-clip: initial;\">Le Site \u00ab\u00a0www.meyleendah.com\u00a0\u00bb peut contenir des liens hypertextes vers d\u2019autres sites pr\u00e9sents sur le r\u00e9seau internet. Les liens vers ces autres ressources font parfois quitter le Site. L\u2019\u00c9diteur ne peut \u00eatre tenu pour responsable des produits, des informations, du contenu figurant sur les sites li\u00e9s.<\/p><p style=\"margin: 0cm 0cm 12pt; text-align: justify; background-image: initial; background-position: initial; background-size: initial; background-repeat: initial; background-attachment: initial; background-origin: initial; background-clip: initial;\">L\u2019utilisation des informations et\/ou documents disponibles sur ce Site se fait sous l\u2019enti\u00e8re et seule responsabilit\u00e9 de l\u2019utilisateur, qui assume la totalit\u00e9 des cons\u00e9quences pouvant en d\u00e9couler, sans que la responsabilit\u00e9 de l\u2019\u00c9diteur ne puisse \u00eatre recherch\u00e9e \u00e0 ce titre, et sans recours contre lui. Notamment, l\u2019\u00c9diteur ne pourra en aucun cas \u00eatre tenu responsable de tout dommage de quelque nature qu\u2019il soit r\u00e9sultant de l\u2019interpr\u00e9tation ou de l\u2019utilisation des informations et\/ou documents disponibles sur ce Site.<\/p><p style=\"margin: 0cm 0cm 12pt; text-align: justify; background-image: initial; background-position: initial; background-size: initial; background-repeat: initial; background-attachment: initial; background-origin: initial; background-clip: initial;\"><b>\u00a0<\/b><\/p><p style=\"margin: 0cm 0cm 12pt; text-align: justify; background-image: initial; background-position: initial; background-size: initial; background-repeat: initial; background-attachment: initial; background-origin: initial; background-clip: initial;\"><b>POLITIQUE DE CONFIDENTIALITE<\/b><\/p><p style=\"margin: 0cm 0cm 12pt; text-align: justify; background-image: initial; background-position: initial; background-size: initial; background-repeat: initial; background-attachment: initial; background-origin: initial; background-clip: initial;\">Responsable de traitement : MARTYR-FALE M\u00e9linda.<\/p><p style=\"margin: 0cm 0cm 12pt; text-align: justify; background-image: initial; background-position: initial; background-size: initial; background-repeat: initial; background-attachment: initial; background-origin: initial; background-clip: initial;\">Nous respectons vos donn\u00e9es personnelles conform\u00e9ment \u00e0 la loi Informatique et Libert\u00e9s du 6 janvier 1978.<\/p><p style=\"margin: 0cm 0cm 12pt; text-align: justify; background-image: initial; background-position: initial; background-size: initial; background-repeat: initial; background-attachment: initial; background-origin: initial; background-clip: initial;\">En utilisant ce Site &amp; nos prestations, vous consentez \u00e0 la collecte et l\u2019utilisation ces donn\u00e9es aux fins d\u2019ex\u00e9cution des pr\u00e9sentes, de prospection commerciale et de gestion de votre commande. Vous acceptez donc de recevoir des emails contenant des informations et des offres promotionnelles concernant nos produits ou services et ceux de nos partenaires. Ces donn\u00e9es pourront faire l\u2019objet d\u2019analyses statistiques et pourront \u00eatre c\u00e9d\u00e9es \u00e0 des tiers et partenaires si vous avez express\u00e9ment consenti.<\/p><p style=\"margin: 0cm 0cm 12pt; text-align: justify; background-image: initial; background-position: initial; background-size: initial; background-repeat: initial; background-attachment: initial; background-origin: initial; background-clip: initial;\">Vos donn\u00e9es trait\u00e9es sont conserv\u00e9es conform\u00e9ment \u00e0 la norme simplifi\u00e9e n\u00b0 48 de la Commission nationale informatique et libert\u00e9s (CNIL).<\/p><p style=\"margin: 0cm 0cm 12pt; text-align: justify; background-image: initial; background-position: initial; background-size: initial; background-repeat: initial; background-attachment: initial; background-origin: initial; background-clip: initial;\">Vous b\u00e9n\u00e9ficiez d\u2019un droit d\u2019acc\u00e8s, d\u2019opposition, de retrait, de modification et de rectification et pouvez se d\u00e9sinscrire \u00e0 tout instant. Il vous suffit pour cela de cliquer sur le lien pr\u00e9sent \u00e0 la fin des emails que nous vous adressons, d\u2019\u00e9crire \u00e0 l\u2019adresse [email] ou de nous contacter par lettre recommand\u00e9e avec accus\u00e9 de r\u00e9ception. En cas de r\u00e9clamation, vous pouvez \u00e9galement vous adresser \u00e0 la CNIL.<\/p><p style=\"margin: 0cm 0cm 12pt; text-align: justify; background-image: initial; background-position: initial; background-size: initial; background-repeat: initial; background-attachment: initial; background-origin: initial; background-clip: initial;\">Le cas \u00e9ch\u00e9ant, nous sommes susceptibles de recourir \u00e0 des sous-traitants pour effectuer le paiement, la gestion de la facturation, des commandes, la gestion de la newsletter ou la mise en place de pages web ou de conf\u00e9rences en ligne, auquel cas vos donn\u00e9es personnelles leur seront transf\u00e9r\u00e9es. Ces prestataires r\u00e9sident g\u00e9n\u00e9ralement aux \u00c9tats-Unis, vous acceptez donc que vos donn\u00e9es personnelles soient transf\u00e9r\u00e9es outre-atlantique.<\/p><p style=\"margin: 0cm 0cm 12pt; text-align: justify; background-image: initial; background-position: initial; background-size: initial; background-repeat: initial; background-attachment: initial; background-origin: initial; background-clip: initial;\"><b>\u00a0<\/b><\/p><p style=\"margin: 0cm 0cm 12pt; text-align: justify; background-image: initial; background-position: initial; background-size: initial; background-repeat: initial; background-attachment: initial; background-origin: initial; background-clip: initial;\"><b>COOKIES<\/b><\/p><p style=\"margin: 0cm 0cm 12pt; text-align: justify; background-image: initial; background-position: initial; background-size: initial; background-repeat: initial; background-attachment: initial; background-origin: initial; background-clip: initial;\">Nous pouvons utiliser des cookies sur le Site. Les cookies sont des fichiers textes qui contiennent un certain nombre d\u2019informations qui sont t\u00e9l\u00e9charg\u00e9es sur votre ordinateur ou votre appareil mobile lorsque vous visitez un site web. Les cookies sont ensuite renvoy\u00e9s au site web qui les produit lors de chaque visite post\u00e9rieure. Les cookies sont utiles parce qu\u2019ils permettent \u00e0 un site web de reconna\u00eetre l\u2019appareil d\u2019un particulier. Les cookies ne peuvent diffuser un virus ni endommager l\u2019ordinateur.<\/p><p style=\"margin: 0cm 0cm 12pt; text-align: justify; background-image: initial; background-position: initial; background-size: initial; background-repeat: initial; background-attachment: initial; background-origin: initial; background-clip: initial;\">Sur le Site peuvent notamment \u00eatre utilis\u00e9s des outils de suivi de fr\u00e9quentation, comme des cookies analytiques fournis par Google, Facebook et Adobe, en tant que services \u00ab Analytics \u00bb et des cookies de retargeting. Ces cookies sont utilis\u00e9s pour collecter des informations sur la fa\u00e7on dont les visiteurs utilisent le Site. Les informations r\u00e9colt\u00e9es servent \u00e0 \u00e9tablir des rapports qui aident \u00e0 am\u00e9liorer les fonctionnalit\u00e9s de ce Site. Ces cookies expirent automatiquement 6 mois apr\u00e8s la derni\u00e8re visite de l\u2019utilisateur sur le Site. Les cookies collectent les informations de mani\u00e8re anonyme. Nous n\u2019utilisons jamais de cookies pour enregistrer des informations personnelles sur nos visiteurs. En utilisant ce Site web, vous acceptez que ces cookies analytiques et de retargeting soient install\u00e9s sur votre ordinateur ou votre appareil mobile. Vous trouverez plus d\u2019informations relatives \u00e0 l\u2019activation\/la d\u00e9sactivation, la suppression des cookies dans les fonctionnalit\u00e9s de s\u00e9curit\u00e9 du navigateur que vous utilisez (v\u00e9rifiez les options disponibles pour votre navigateur ou consultez le site web de votre fournisseur de navigateur pour de plus amples informations). Pour plus d\u2019informations sur l\u2019utilisation des cookies sur un appareil mobile et comment vous pouvez les d\u00e9sactiver et les supprimer, vous pouvez vous r\u00e9f\u00e9rer aux instructions du fabricant.<\/p><p style=\"margin: 0cm 0cm 12pt; text-align: justify; background-image: initial; background-position: initial; background-size: initial; background-repeat: initial; background-attachment: initial; background-origin: initial; background-clip: initial;\">Nous utilisons peut-\u00eatre sur ce Site des boutons de partage social (social sharing buttons) pour vous permettre de partager nos publications sur les sites de r\u00e9seaux sociaux comme Facebook et Twitter. Afin que ce partage fonctionne, nous nous appuyons sur des scripts externes. Vous d\u00e9clarez \u00eatre conscient que ces sites ont la possibilit\u00e9 de collecter des informations sur vos habitudes de navigation, m\u00eame si vous ne cliquez sur aucun des boutons pr\u00e9sents sur le Site.<\/p><p style=\"margin: 0cm 0cm 12pt; text-align: justify; background-image: initial; background-position: initial; background-size: initial; background-repeat: initial; background-attachment: initial; background-origin: initial; background-clip: initial;\"><b>\u00a0<\/b><\/p><p style=\"margin: 0cm 0cm 12pt; text-align: justify; background-image: initial; background-position: initial; background-size: initial; background-repeat: initial; background-attachment: initial; background-origin: initial; background-clip: initial;\"><b>PROPRIETE INTELLECTUELLE <\/b><\/p><p style=\"margin: 0cm 0cm 12pt; text-align: justify; background-image: initial; background-position: initial; background-size: initial; background-repeat: initial; background-attachment: initial; background-origin: initial; background-clip: initial;\">Tous les \u00e9l\u00e9ments graphiques ou intellectuels originaux (structure g\u00e9n\u00e9rale et contenu des documents, charte graphique, textes, images, sons et tout autre \u00e9l\u00e9ment composant le Site et les Services) fournis ou pr\u00e9sent\u00e9s sur ce Site sont prot\u00e9g\u00e9s par le droit d\u2019auteur au sens des articles L. 111-1 et suivants du Code de la propri\u00e9t\u00e9 intellectuelle.<\/p><p style=\"margin: 0cm 0cm 12pt; text-align: justify; background-image: initial; background-position: initial; background-size: initial; background-repeat: initial; background-attachment: initial; background-origin: initial; background-clip: initial;\">Vous reconnaissez ainsi express\u00e9ment que toute reproduction totale ou partielle, modification ou utilisation est strictement interdite. Toute violation du pr\u00e9sent article constituerait une contrefa\u00e7on, susceptible de sanctions p\u00e9nales et civiles en application des articles L. 335-2 et suivants du Code de la propri\u00e9t\u00e9 intellectuelle.<\/p><p style=\"margin: 0cm 0cm 12pt; text-align: justify; background-image: initial; background-position: initial; background-size: initial; background-repeat: initial; background-attachment: initial; background-origin: initial; background-clip: initial;\"><b>\u00a0<\/b><\/p><p style=\"margin: 0cm 0cm 12pt; text-align: justify; background-image: initial; background-position: initial; background-size: initial; background-repeat: initial; background-attachment: initial; background-origin: initial; background-clip: initial;\"><b>DROIT APPLICABLE <\/b><\/p><p style=\"margin: 0cm 0cm 12pt; text-align: justify; background-image: initial; background-position: initial; background-size: initial; background-repeat: initial; background-attachment: initial; background-origin: initial; background-clip: initial;\">Tant le pr\u00e9sent Site que les modalit\u00e9s et conditions de son utilisation sont r\u00e9gis par le droit fran\u00e7ais, quel que soit le lieu d\u2019utilisation. Seuls les textes r\u00e9dig\u00e9s en fran\u00e7ais feront foi en cas de litige. En cas de contestation \u00e9ventuelle, et apr\u00e8s l\u2019\u00e9chec de toute tentative raisonnable de recherche d\u2019une solution amiable, les tribunaux fran\u00e7ais seront seuls comp\u00e9tents pour conna\u00eetre de ce litige.<\/p>\t\t\t\t\t\t<\/div>\n\t\t\t\t<\/div>\n\t\t\t\t\t<\/div>\n\t\t<\/div>\n\t\t\t\t\t\t\t<\/div>\n\t\t<\/section>\n\t\t\t\t\t\t<\/div>\n\t\t\t\t\t<\/div>\n\t\t","protected":false},"excerpt":{"rendered":"<p>Mentions l\u00e9gales MENTIONS LEGALES DE MEYLEENDAH.COM \u00c9diteur : MEYLEENDAH, SASU, 28 Boulevard Jean Allemane 95100 Argenteuil, au capital de 1\u00a0000 \u20ac, \u00a0immatricul\u00e9e sous le siret \u00a0903 480 820 R.C.S. Pontoise Directeur de publication : MARTYR-FALE M\u00e9linda ( g\u00e9rante ) Contact : contact@meyleendah.com H\u00e9bergeur : Site web h\u00e9berg\u00e9 chez ovh r\u00e9alis\u00e9 par\u00a0www.pro-concept-entreprise.fr\u00a0, copyright 2021 tous droits&hellip; <br \/> <a class=\"read-more\" href=\"https:\/\/meyleendah.com\/index.php\/mentions-legales\/\">Lire la suite<\/a><\/p>\n","protected":false},"author":1,"featured_media":0,"parent":0,"menu_order":0,"comment_status":"closed","ping_status":"closed","template":"","meta":{"footnotes":""},"class_list":["post-158","page","type-page","status-publish","hentry"],"yoast_head":"<!-- This site is optimized with the Yoast SEO plugin v17.7.1 - https:\/\/yoast.com\/wordpress\/plugins\/seo\/ -->\n<title>Mentions L\u00e9gales - Meyleendah\u00ae<\/title>\n<meta name=\"robots\" content=\"index, follow, max-snippet:-1, max-image-preview:large, max-video-preview:-1\" \/>\n<link rel=\"canonical\" href=\"https:\/\/meyleendah.com\/index.php\/mentions-legales\/\" \/>\n<meta property=\"og:locale\" content=\"fr_FR\" \/>\n<meta property=\"og:type\" content=\"article\" \/>\n<meta property=\"og:title\" content=\"Mentions L\u00e9gales - Meyleendah\u00ae\" \/>\n<meta property=\"og:description\" content=\"Mentions l\u00e9gales MENTIONS LEGALES DE MEYLEENDAH.COM \u00c9diteur : MEYLEENDAH, SASU, 28 Boulevard Jean Allemane 95100 Argenteuil, au capital de 1\u00a0000 \u20ac, \u00a0immatricul\u00e9e sous le siret \u00a0903 480 820 R.C.S. Pontoise Directeur de publication : MARTYR-FALE M\u00e9linda ( g\u00e9rante ) Contact : contact@meyleendah.com H\u00e9bergeur : Site web h\u00e9berg\u00e9 chez ovh r\u00e9alis\u00e9 par\u00a0www.pro-concept-entreprise.fr\u00a0, copyright 2021 tous droits&hellip; Lire la suite\" \/>\n<meta property=\"og:url\" content=\"https:\/\/meyleendah.com\/index.php\/mentions-legales\/\" \/>\n<meta property=\"og:site_name\" content=\"Meyleendah\u00ae\" \/>\n<meta property=\"article:modified_time\" content=\"2023-06-24T09:23:45+00:00\" \/>\n<meta property=\"og:image\" content=\"http:\/\/meyleendah.com\/wp-content\/uploads\/2021\/11\/men-300x201.png\" \/>\n<meta name=\"twitter:card\" content=\"summary_large_image\" \/>\n<meta name=\"twitter:label1\" content=\"Dur\u00e9e de lecture estim\u00e9e\" \/>\n\t<meta name=\"twitter:data1\" content=\"5 minutes\" \/>\n<script type=\"application\/ld+json\" class=\"yoast-schema-graph\">{\"@context\":\"https:\/\/schema.org\",\"@graph\":[{\"@type\":\"WebSite\",\"@id\":\"https:\/\/meyleendah.com\/#website\",\"url\":\"https:\/\/meyleendah.com\/\",\"name\":\"Meyleendah\\u00ae\",\"description\":\"Une vie libre et authentique\",\"potentialAction\":[{\"@type\":\"SearchAction\",\"target\":{\"@type\":\"EntryPoint\",\"urlTemplate\":\"https:\/\/meyleendah.com\/?s={search_term_string}\"},\"query-input\":\"required name=search_term_string\"}],\"inLanguage\":\"fr-FR\"},{\"@type\":\"ImageObject\",\"@id\":\"https:\/\/meyleendah.com\/index.php\/mentions-legales\/#primaryimage\",\"inLanguage\":\"fr-FR\",\"url\":\"http:\/\/meyleendah.com\/wp-content\/uploads\/2021\/11\/men-300x201.png\",\"contentUrl\":\"http:\/\/meyleendah.com\/wp-content\/uploads\/2021\/11\/men-300x201.png\"},{\"@type\":\"WebPage\",\"@id\":\"https:\/\/meyleendah.com\/index.php\/mentions-legales\/#webpage\",\"url\":\"https:\/\/meyleendah.com\/index.php\/mentions-legales\/\",\"name\":\"Mentions L\\u00e9gales - Meyleendah\\u00ae\",\"isPartOf\":{\"@id\":\"https:\/\/meyleendah.com\/#website\"},\"primaryImageOfPage\":{\"@id\":\"https:\/\/meyleendah.com\/index.php\/mentions-legales\/#primaryimage\"},\"datePublished\":\"2021-11-18T13:39:30+00:00\",\"dateModified\":\"2023-06-24T09:23:45+00:00\",\"breadcrumb\":{\"@id\":\"https:\/\/meyleendah.com\/index.php\/mentions-legales\/#breadcrumb\"},\"inLanguage\":\"fr-FR\",\"potentialAction\":[{\"@type\":\"ReadAction\",\"target\":[\"https:\/\/meyleendah.com\/index.php\/mentions-legales\/\"]}]},{\"@type\":\"BreadcrumbList\",\"@id\":\"https:\/\/meyleendah.com\/index.php\/mentions-legales\/#breadcrumb\",\"itemListElement\":[{\"@type\":\"ListItem\",\"position\":1,\"name\":\"Accueil\",\"item\":\"https:\/\/meyleendah.com\/\"},{\"@type\":\"ListItem\",\"position\":2,\"name\":\"Mentions L\\u00e9gales\"}]}]}<\/script>\n<!-- \/ Yoast SEO plugin. -->","yoast_head_json":{"title":"Mentions L\u00e9gales - Meyleendah\u00ae","robots":{"index":"index","follow":"follow","max-snippet":"max-snippet:-1","max-image-preview":"max-image-preview:large","max-video-preview":"max-video-preview:-1"},"canonical":"https:\/\/meyleendah.com\/index.php\/mentions-legales\/","og_locale":"fr_FR","og_type":"article","og_title":"Mentions L\u00e9gales - Meyleendah\u00ae","og_description":"Mentions l\u00e9gales MENTIONS LEGALES DE MEYLEENDAH.COM \u00c9diteur : MEYLEENDAH, SASU, 28 Boulevard Jean Allemane 95100 Argenteuil, au capital de 1\u00a0000 \u20ac, \u00a0immatricul\u00e9e sous le siret \u00a0903 480 820 R.C.S. Pontoise Directeur de publication : MARTYR-FALE M\u00e9linda ( g\u00e9rante ) Contact : contact@meyleendah.com H\u00e9bergeur : Site web h\u00e9berg\u00e9 chez ovh r\u00e9alis\u00e9 par\u00a0www.pro-concept-entreprise.fr\u00a0, copyright 2021 tous droits&hellip; Lire la suite","og_url":"https:\/\/meyleendah.com\/index.php\/mentions-legales\/","og_site_name":"Meyleendah\u00ae","article_modified_time":"2023-06-24T09:23:45+00:00","og_image":[{"url":"http:\/\/meyleendah.com\/wp-content\/uploads\/2021\/11\/men-300x201.png"}],"twitter_card":"summary_large_image","twitter_misc":{"Dur\u00e9e de lecture estim\u00e9e":"5 minutes"},"schema":{"@context":"https:\/\/schema.org","@graph":[{"@type":"WebSite","@id":"https:\/\/meyleendah.com\/#website","url":"https:\/\/meyleendah.com\/","name":"Meyleendah\u00ae","description":"Une vie libre et authentique","potentialAction":[{"@type":"SearchAction","target":{"@type":"EntryPoint","urlTemplate":"https:\/\/meyleendah.com\/?s={search_term_string}"},"query-input":"required name=search_term_string"}],"inLanguage":"fr-FR"},{"@type":"ImageObject","@id":"https:\/\/meyleendah.com\/index.php\/mentions-legales\/#primaryimage","inLanguage":"fr-FR","url":"http:\/\/meyleendah.com\/wp-content\/uploads\/2021\/11\/men-300x201.png","contentUrl":"http:\/\/meyleendah.com\/wp-content\/uploads\/2021\/11\/men-300x201.png"},{"@type":"WebPage","@id":"https:\/\/meyleendah.com\/index.php\/mentions-legales\/#webpage","url":"https:\/\/meyleendah.com\/index.php\/mentions-legales\/","name":"Mentions L\u00e9gales - Meyleendah\u00ae","isPartOf":{"@id":"https:\/\/meyleendah.com\/#website"},"primaryImageOfPage":{"@id":"https:\/\/meyleendah.com\/index.php\/mentions-legales\/#primaryimage"},"datePublished":"2021-11-18T13:39:30+00:00","dateModified":"2023-06-24T09:23:45+00:00","breadcrumb":{"@id":"https:\/\/meyleendah.com\/index.php\/mentions-legales\/#breadcrumb"},"inLanguage":"fr-FR","potentialAction":[{"@type":"ReadAction","target":["https:\/\/meyleendah.com\/index.php\/mentions-legales\/"]}]},{"@type":"BreadcrumbList","@id":"https:\/\/meyleendah.com\/index.php\/mentions-legales\/#breadcrumb","itemListElement":[{"@type":"ListItem","position":1,"name":"Accueil","item":"https:\/\/meyleendah.com\/"},{"@type":"ListItem","position":2,"name":"Mentions L\u00e9gales"}]}]}},"_links":{"self":[{"href":"https:\/\/meyleendah.com\/index.php\/wp-json\/wp\/v2\/pages\/158","targetHints":{"allow":["GET"]}}],"collection":[{"href":"https:\/\/meyleendah.com\/index.php\/wp-json\/wp\/v2\/pages"}],"about":[{"href":"https:\/\/meyleendah.com\/index.php\/wp-json\/wp\/v2\/types\/page"}],"author":[{"embeddable":true,"href":"https:\/\/meyleendah.com\/index.php\/wp-json\/wp\/v2\/users\/1"}],"replies":[{"embeddable":true,"href":"https:\/\/meyleendah.com\/index.php\/wp-json\/wp\/v2\/comments?post=158"}],"version-history":[{"count":25,"href":"https:\/\/meyleendah.com\/index.php\/wp-json\/wp\/v2\/pages\/158\/revisions"}],"predecessor-version":[{"id":1326,"href":"https:\/\/meyleendah.com\/index.php\/wp-json\/wp\/v2\/pages\/158\/revisions\/1326"}],"wp:attachment":[{"href":"https:\/\/meyleendah.com\/index.php\/wp-json\/wp\/v2\/media?parent=158"}],"curies":[{"name":"wp","href":"https:\/\/api.w.org\/{rel}","templated":true}]}}