{"id":31,"date":"2021-10-08T10:40:09","date_gmt":"2021-10-08T08:40:09","guid":{"rendered":"http:\/\/meyleendah.com\/?page_id=31"},"modified":"2026-03-18T14:44:58","modified_gmt":"2026-03-18T13:44:58","slug":"qui-suis-je","status":"publish","type":"page","link":"https:\/\/meyleendah.com\/index.php\/qui-suis-je\/","title":{"rendered":"A Propos"},"content":{"rendered":"<p><b>Briser Mes Plafonds de Verre : Mon Histoire de Transformation<\/b><\/p>\n<p><img loading=\"lazy\" decoding=\"async\" class=\"aligncenter\" src=\"http:\/\/meyleendah.com\/wp-content\/uploads\/2021\/12\/MELINDA_MARTY_FALE-008-removebg-preview.png\" sizes=\"auto, (max-width: 408px) 100vw, 408px\" srcset=\"https:\/\/meyleendah.com\/wp-content\/uploads\/2021\/12\/MELINDA_MARTY_FALE-008-removebg-preview.png 408w, https:\/\/meyleendah.com\/wp-content\/uploads\/2021\/12\/MELINDA_MARTY_FALE-008-removebg-preview-200x300.png 200w\" alt=\"\" width=\"408\" height=\"612\" \/><\/p>\n<p><span style=\"font-weight: 400;\">Mon parcours vers l&rsquo;entrepreneuriat a \u00e9t\u00e9 parsem\u00e9 de d\u00e9fis et de plafonds de verre, \u00e0 la fois personnels et professionnels. <\/span><\/p>\n<p><span style=\"font-weight: 400;\">Lorsque j&rsquo;ai commenc\u00e9 mon aventure entrepreneuriale, je me suis rapidement heurt\u00e9e \u00e0 des obstacles invisibles qui semblaient m\u2019emp\u00eacher d\u2019avancer, peu importe mes efforts. <\/span><\/p>\n<p><span style=\"font-weight: 400;\">Chaque nouvelle \u00e9tape que je franchissais apportait son lot de d\u00e9fis insurmontables. <\/span><\/p>\n<p><span style=\"font-weight: 400;\">Ces exp\u00e9riences difficiles m&rsquo;ont pouss\u00e9e \u00e0 explorer des m\u00e9thodes plus profondes et holistiques pour surmonter ces limitations, non seulement pour moi-m\u00eame, mais aussi pour les autres entrepreneurs que j&rsquo;accompagne aujourd&rsquo;hui.<\/span><\/p>\n<p><span style=\"font-weight: 400;\">Avant de cr\u00e9er mon entreprise, Meyleendah, j&rsquo;\u00e9tais infirmi\u00e8re. J&rsquo;ai toujours ressenti un profond d\u00e9sir d&rsquo;apporter soin et bien-\u00eatre aux autres, tout en veillant \u00e0 ne pas n\u00e9gliger le mien. <\/span><\/p>\n<p><span style=\"font-weight: 400;\">Mais au fil du temps, j&rsquo;ai r\u00e9alis\u00e9 que le rythme effr\u00e9n\u00e9 de mon m\u00e9tier commen\u00e7ait \u00e0 m&rsquo;\u00e9loigner de mes passions, de mes amis, et du sport que j&rsquo;aimais tant. Je m&rsquo;\u00e9puisais, jour apr\u00e8s jour, jusqu&rsquo;\u00e0 ce que je me rende compte que je devais faire quelque chose pour retrouver mon \u00e9nergie.<\/span><\/p>\n<p><span style=\"font-weight: 400;\">C&rsquo;est alors que j&rsquo;ai d\u00e9cid\u00e9 de consulter un magn\u00e9tiseur, une exp\u00e9rience qui m&rsquo;a profond\u00e9ment marqu\u00e9e et qui m&rsquo;a conduite \u00e0 m&rsquo;int\u00e9resser au Reiki. <\/span><\/p>\n<p><span style=\"font-weight: 400;\">Ce fut une r\u00e9v\u00e9lation, une transformation qui a ouvert mes yeux sur une nouvelle fa\u00e7on de vivre et de soigner. <\/span><\/p>\n<p><span style=\"font-weight: 400;\">Malgr\u00e9 cela, j&rsquo;ai persist\u00e9 dans ma carri\u00e8re d&rsquo;infirmi\u00e8re, gravissant les \u00e9chelons jusqu&rsquo;\u00e0 devenir cadre de sant\u00e9. <\/span><\/p>\n<p><span style=\"font-weight: 400;\">Cependant, en m&rsquo;\u00e9loignant du contact direct avec les patients, j&rsquo;ai r\u00e9alis\u00e9 \u00e0 quel point ce lien humain \u00e9tait essentiel pour moi.<\/span><\/p>\n<p><span style=\"font-weight: 400;\">Forte de la conscience acquise gr\u00e2ce \u00e0 mes apprentissages en Reiki, j&rsquo;ai pris la d\u00e9cision de m&rsquo;y consacrer \u00e0 plein temps. <\/span><\/p>\n<p><span style=\"font-weight: 400;\">Aujourd&rsquo;hui, je suis Ma\u00eetre praticienne et enseignante en Reiki, et j&rsquo;ai \u00e9largi mon expertise en me formant au coaching et \u00e0 l&rsquo;investissement immobilier. <\/span><\/p>\n<p><span style=\"font-weight: 400;\">Pour moi, la libert\u00e9 financi\u00e8re est un pilier fondamental du bien-\u00eatre, indispensable pour mener une vie harmonieuse et align\u00e9e.<\/span><\/p>\n<p><span style=\"font-weight: 400;\">Ces diff\u00e9rentes \u00e9tapes de ma vie m&rsquo;ont permis de briser mes propres plafonds de verre, de retrouver l&rsquo;\u00e9quilibre et la s\u00e9r\u00e9nit\u00e9, tout en construisant un chemin vers la libert\u00e9. <\/span><\/p>\n<p><span style=\"font-weight: 400;\">C&rsquo;est cette exp\u00e9rience de transformation que je mets aujourd&rsquo;hui au service des autres, pour les aider \u00e0 surmonter leurs propres limitations et \u00e0 atteindre leurs objectifs de bonheur, de sant\u00e9, et de prosp\u00e9rit\u00e9.<\/span><\/p>\n<p><img loading=\"lazy\" decoding=\"async\" src=\"http:\/\/meyleendah.com\/wp-content\/uploads\/2023\/06\/001-Format-web-1024x683.jpg\" sizes=\"auto, (max-width: 1024px) 100vw, 1024px\" srcset=\"https:\/\/meyleendah.com\/wp-content\/uploads\/2023\/06\/001-Format-web-1024x683.jpg 1024w, https:\/\/meyleendah.com\/wp-content\/uploads\/2023\/06\/001-Format-web-300x200.jpg 300w, https:\/\/meyleendah.com\/wp-content\/uploads\/2023\/06\/001-Format-web-768x512.jpg 768w, https:\/\/meyleendah.com\/wp-content\/uploads\/2023\/06\/001-Format-web-1536x1024.jpg 1536w, https:\/\/meyleendah.com\/wp-content\/uploads\/2023\/06\/001-Format-web-2048x1365.jpg 2048w, https:\/\/meyleendah.com\/wp-content\/uploads\/2023\/06\/001-Format-web-1620x1080.jpg 1620w\" alt=\"\" width=\"1024\" height=\"683\" \/><\/p>\n<p><b>Mon Parcours : De l&rsquo;Entrepreneuriat \u00e0 la Guidance Holistique<\/b><\/p>\n<p><span style=\"font-weight: 400;\">Vous serez peut-\u00eatre rassur\u00e9(e) de savoir que je ne suis pas seulement coach holistique, mais aussi entrepreneure et investisseuse dans l&rsquo;immobilier.<\/span><\/p>\n<p><span style=\"font-weight: 400;\">Mon entreprise, Meyleendah, est n\u00e9e de cette volont\u00e9 d&rsquo;int\u00e9grer toutes ces dimensions : le soin, le coaching, et la libert\u00e9 financi\u00e8re.<\/span><\/p>\n<p><span style=\"font-weight: 400;\"> En tant que coach certifi\u00e9e, j&rsquo;utilise mon exp\u00e9rience et mes comp\u00e9tences pour accompagner mes clients vers un mieux-\u00eatre global, afin qu&rsquo;ils puissent atteindre leurs objectifs de bonheur, de sant\u00e9 et de prosp\u00e9rit\u00e9. <\/span><\/p>\n<p><span style=\"font-weight: 400;\">Mon d\u00e9sir d&rsquo;apprendre ne s&rsquo;est jamais tari ; je suis en permanence \u00e0 la recherche de nouvelles techniques et approches pour aider les autres \u00e0 cro\u00eetre dans leur globalit\u00e9.<\/span><\/p>\n<p><span style=\"font-weight: 400;\">C\u2019est d\u2019ailleurs pourquoi je me suis form\u00e9e aux annales akashiques, \u00e0 la flamme violette, et aux langages de lumi\u00e8re qui sont devenus des outils essentiels dans mon approche, qui m\u2019ont permis non seulement de gu\u00e9rir mes propres blessures, mais aussi d&rsquo;aider mes clients \u00e0 lib\u00e9rer leur plein potentiel.<\/span><\/p>\n<p><span style=\"font-weight: 400;\"> Aujourd&rsquo;hui, je suis convaincue que ces pratiques, combin\u00e9es \u00e0 des outils de coaching \u00e9prouv\u00e9s, peuvent transformer la vie des entrepreneurs en les aidant \u00e0 d\u00e9passer leurs limites et \u00e0 r\u00e9aliser leurs r\u00eaves.<\/span><\/p>\n<p><span style=\"font-weight: 400;\">Mon exp\u00e9rience en tant qu&rsquo;entrepreneure m&rsquo;a donn\u00e9 une compr\u00e9hension profonde des d\u00e9fis que vous pouvez rencontrer. <\/span><\/p>\n<p><span style=\"font-weight: 400;\">Je comprends les obstacles auxquels vous faites face, car je les ai moi-m\u00eame surmont\u00e9s. Cela me permet de vous offrir une perspective unique et une aide pr\u00e9cieuse pour vous accompagner sur votre propre chemin.<\/span><\/p>\n<p><span style=\"font-weight: 400;\">En parall\u00e8le de mon activit\u00e9 de coach, je m&rsquo;investis \u00e9galement dans plusieurs activit\u00e9s autour de l&rsquo;immobilier, telles que l&rsquo;investissement, la conciergerie et la sous-location professionnelle. <\/span><\/p>\n<p><span style=\"font-weight: 400;\">Pour moi, ces activit\u00e9s sont des leviers essentiels pour atteindre la libert\u00e9 financi\u00e8re. <\/span><\/p>\n<p><span style=\"font-weight: 400;\">J&rsquo;ai aussi accompagn\u00e9 de nombreuses personnes \u00e0 investir dans l&rsquo;immobilier, les aidant ainsi \u00e0 se diriger vers ce chemin de libert\u00e9 et d&rsquo;ind\u00e9pendance financi\u00e8re. <\/span><\/p>\n<p><span style=\"font-weight: 400;\">Mon engagement envers votre r\u00e9ussite est total, et je suis ici pour vous aider \u00e0 lib\u00e9rer votre plein potentiel, tout comme j&rsquo;ai pu lib\u00e9rer le mien.<\/span><\/p>\n<p style=\"text-align: center;\" align=\"center\">Si vous lisez mes mots aujourd\u2019hui, ce n\u2019est certainement pas un hasard ,<\/p>\n<p style=\"margin-bottom: 16px; text-align: center;\" align=\"center\">vous aspirez \u00e0 une vie meilleure , authentique et libre, vous aussi\u00a0! Et vous y avez le droit\u00a0!<\/p>\n<h3 style=\"text-align: center;\"><i>R\u00e9servez votre appel strat\u00e9gique afin de voir <\/i><i>si je peux vous amener vers une vie libre et authentique !<\/i><\/h3>\n<h3 style=\"text-align: center;\"><a role=\"button\" href=\"https:\/\/calendly.com\/meyleendah\/bilan\" target=\"_blank\" rel=\"noopener\"><br \/>\nJe prends RDV Maintenant en cliquant ici pour un appel strat\u00e9gique gratuit !<br \/>\n<\/a><\/h3>\n","protected":false},"excerpt":{"rendered":"<p>Briser Mes Plafonds de Verre : Mon Histoire de Transformation Mon parcours vers l&rsquo;entrepreneuriat a \u00e9t\u00e9 parsem\u00e9 de d\u00e9fis et de plafonds de verre, \u00e0 la fois personnels et professionnels. Lorsque j&rsquo;ai commenc\u00e9 mon aventure entrepreneuriale, je me suis rapidement heurt\u00e9e \u00e0 des obstacles invisibles qui semblaient m\u2019emp\u00eacher d\u2019avancer, peu importe mes efforts. Chaque nouvelle&hellip; <br \/> <a class=\"read-more\" href=\"https:\/\/meyleendah.com\/index.php\/qui-suis-je\/\">Lire la suite<\/a><\/p>\n","protected":false},"author":1,"featured_media":0,"parent":0,"menu_order":0,"comment_status":"closed","ping_status":"closed","template":"","meta":{"footnotes":""},"class_list":["post-31","page","type-page","status-publish","hentry"],"yoast_head":"<!-- This site is optimized with the Yoast SEO plugin v17.7.1 - https:\/\/yoast.com\/wordpress\/plugins\/seo\/ -->\n<title>A Propos - Meyleendah\u00ae<\/title>\n<meta name=\"robots\" content=\"index, follow, max-snippet:-1, max-image-preview:large, max-video-preview:-1\" \/>\n<link rel=\"canonical\" href=\"https:\/\/meyleendah.com\/index.php\/qui-suis-je\/\" \/>\n<meta property=\"og:locale\" content=\"fr_FR\" \/>\n<meta property=\"og:type\" content=\"article\" \/>\n<meta property=\"og:title\" content=\"A Propos - Meyleendah\u00ae\" \/>\n<meta property=\"og:description\" content=\"Briser Mes Plafonds de Verre : Mon Histoire de Transformation Mon parcours vers l&rsquo;entrepreneuriat a \u00e9t\u00e9 parsem\u00e9 de d\u00e9fis et de plafonds de verre, \u00e0 la fois personnels et professionnels. Lorsque j&rsquo;ai commenc\u00e9 mon aventure entrepreneuriale, je me suis rapidement heurt\u00e9e \u00e0 des obstacles invisibles qui semblaient m\u2019emp\u00eacher d\u2019avancer, peu importe mes efforts. Chaque nouvelle&hellip; Lire la suite\" \/>\n<meta property=\"og:url\" content=\"https:\/\/meyleendah.com\/index.php\/qui-suis-je\/\" \/>\n<meta property=\"og:site_name\" content=\"Meyleendah\u00ae\" \/>\n<meta property=\"article:modified_time\" content=\"2026-03-18T13:44:58+00:00\" \/>\n<meta property=\"og:image\" content=\"http:\/\/meyleendah.com\/wp-content\/uploads\/2021\/12\/MELINDA_MARTY_FALE-008-removebg-preview.png\" \/>\n<meta name=\"twitter:card\" content=\"summary_large_image\" \/>\n<meta name=\"twitter:label1\" content=\"Dur\u00e9e de lecture estim\u00e9e\" \/>\n\t<meta name=\"twitter:data1\" content=\"3 minutes\" \/>\n<script type=\"application\/ld+json\" class=\"yoast-schema-graph\">{\"@context\":\"https:\/\/schema.org\",\"@graph\":[{\"@type\":\"WebSite\",\"@id\":\"https:\/\/meyleendah.com\/#website\",\"url\":\"https:\/\/meyleendah.com\/\",\"name\":\"Meyleendah\\u00ae\",\"description\":\"Une vie libre et authentique\",\"potentialAction\":[{\"@type\":\"SearchAction\",\"target\":{\"@type\":\"EntryPoint\",\"urlTemplate\":\"https:\/\/meyleendah.com\/?s={search_term_string}\"},\"query-input\":\"required name=search_term_string\"}],\"inLanguage\":\"fr-FR\"},{\"@type\":\"ImageObject\",\"@id\":\"https:\/\/meyleendah.com\/index.php\/qui-suis-je\/#primaryimage\",\"inLanguage\":\"fr-FR\",\"url\":\"http:\/\/meyleendah.com\/wp-content\/uploads\/2021\/12\/MELINDA_MARTY_FALE-008-removebg-preview.png\",\"contentUrl\":\"http:\/\/meyleendah.com\/wp-content\/uploads\/2021\/12\/MELINDA_MARTY_FALE-008-removebg-preview.png\"},{\"@type\":\"WebPage\",\"@id\":\"https:\/\/meyleendah.com\/index.php\/qui-suis-je\/#webpage\",\"url\":\"https:\/\/meyleendah.com\/index.php\/qui-suis-je\/\",\"name\":\"A Propos - Meyleendah\\u00ae\",\"isPartOf\":{\"@id\":\"https:\/\/meyleendah.com\/#website\"},\"primaryImageOfPage\":{\"@id\":\"https:\/\/meyleendah.com\/index.php\/qui-suis-je\/#primaryimage\"},\"datePublished\":\"2021-10-08T08:40:09+00:00\",\"dateModified\":\"2026-03-18T13:44:58+00:00\",\"breadcrumb\":{\"@id\":\"https:\/\/meyleendah.com\/index.php\/qui-suis-je\/#breadcrumb\"},\"inLanguage\":\"fr-FR\",\"potentialAction\":[{\"@type\":\"ReadAction\",\"target\":[\"https:\/\/meyleendah.com\/index.php\/qui-suis-je\/\"]}]},{\"@type\":\"BreadcrumbList\",\"@id\":\"https:\/\/meyleendah.com\/index.php\/qui-suis-je\/#breadcrumb\",\"itemListElement\":[{\"@type\":\"ListItem\",\"position\":1,\"name\":\"Accueil\",\"item\":\"https:\/\/meyleendah.com\/\"},{\"@type\":\"ListItem\",\"position\":2,\"name\":\"A Propos\"}]}]}<\/script>\n<!-- \/ Yoast SEO plugin. -->","yoast_head_json":{"title":"A Propos - Meyleendah\u00ae","robots":{"index":"index","follow":"follow","max-snippet":"max-snippet:-1","max-image-preview":"max-image-preview:large","max-video-preview":"max-video-preview:-1"},"canonical":"https:\/\/meyleendah.com\/index.php\/qui-suis-je\/","og_locale":"fr_FR","og_type":"article","og_title":"A Propos - Meyleendah\u00ae","og_description":"Briser Mes Plafonds de Verre : Mon Histoire de Transformation Mon parcours vers l&rsquo;entrepreneuriat a \u00e9t\u00e9 parsem\u00e9 de d\u00e9fis et de plafonds de verre, \u00e0 la fois personnels et professionnels. Lorsque j&rsquo;ai commenc\u00e9 mon aventure entrepreneuriale, je me suis rapidement heurt\u00e9e \u00e0 des obstacles invisibles qui semblaient m\u2019emp\u00eacher d\u2019avancer, peu importe mes efforts. Chaque nouvelle&hellip; Lire la suite","og_url":"https:\/\/meyleendah.com\/index.php\/qui-suis-je\/","og_site_name":"Meyleendah\u00ae","article_modified_time":"2026-03-18T13:44:58+00:00","og_image":[{"url":"http:\/\/meyleendah.com\/wp-content\/uploads\/2021\/12\/MELINDA_MARTY_FALE-008-removebg-preview.png"}],"twitter_card":"summary_large_image","twitter_misc":{"Dur\u00e9e de lecture estim\u00e9e":"3 minutes"},"schema":{"@context":"https:\/\/schema.org","@graph":[{"@type":"WebSite","@id":"https:\/\/meyleendah.com\/#website","url":"https:\/\/meyleendah.com\/","name":"Meyleendah\u00ae","description":"Une vie libre et authentique","potentialAction":[{"@type":"SearchAction","target":{"@type":"EntryPoint","urlTemplate":"https:\/\/meyleendah.com\/?s={search_term_string}"},"query-input":"required name=search_term_string"}],"inLanguage":"fr-FR"},{"@type":"ImageObject","@id":"https:\/\/meyleendah.com\/index.php\/qui-suis-je\/#primaryimage","inLanguage":"fr-FR","url":"http:\/\/meyleendah.com\/wp-content\/uploads\/2021\/12\/MELINDA_MARTY_FALE-008-removebg-preview.png","contentUrl":"http:\/\/meyleendah.com\/wp-content\/uploads\/2021\/12\/MELINDA_MARTY_FALE-008-removebg-preview.png"},{"@type":"WebPage","@id":"https:\/\/meyleendah.com\/index.php\/qui-suis-je\/#webpage","url":"https:\/\/meyleendah.com\/index.php\/qui-suis-je\/","name":"A Propos - Meyleendah\u00ae","isPartOf":{"@id":"https:\/\/meyleendah.com\/#website"},"primaryImageOfPage":{"@id":"https:\/\/meyleendah.com\/index.php\/qui-suis-je\/#primaryimage"},"datePublished":"2021-10-08T08:40:09+00:00","dateModified":"2026-03-18T13:44:58+00:00","breadcrumb":{"@id":"https:\/\/meyleendah.com\/index.php\/qui-suis-je\/#breadcrumb"},"inLanguage":"fr-FR","potentialAction":[{"@type":"ReadAction","target":["https:\/\/meyleendah.com\/index.php\/qui-suis-je\/"]}]},{"@type":"BreadcrumbList","@id":"https:\/\/meyleendah.com\/index.php\/qui-suis-je\/#breadcrumb","itemListElement":[{"@type":"ListItem","position":1,"name":"Accueil","item":"https:\/\/meyleendah.com\/"},{"@type":"ListItem","position":2,"name":"A Propos"}]}]}},"_links":{"self":[{"href":"https:\/\/meyleendah.com\/index.php\/wp-json\/wp\/v2\/pages\/31","targetHints":{"allow":["GET"]}}],"collection":[{"href":"https:\/\/meyleendah.com\/index.php\/wp-json\/wp\/v2\/pages"}],"about":[{"href":"https:\/\/meyleendah.com\/index.php\/wp-json\/wp\/v2\/types\/page"}],"author":[{"embeddable":true,"href":"https:\/\/meyleendah.com\/index.php\/wp-json\/wp\/v2\/users\/1"}],"replies":[{"embeddable":true,"href":"https:\/\/meyleendah.com\/index.php\/wp-json\/wp\/v2\/comments?post=31"}],"version-history":[{"count":176,"href":"https:\/\/meyleendah.com\/index.php\/wp-json\/wp\/v2\/pages\/31\/revisions"}],"predecessor-version":[{"id":1856,"href":"https:\/\/meyleendah.com\/index.php\/wp-json\/wp\/v2\/pages\/31\/revisions\/1856"}],"wp:attachment":[{"href":"https:\/\/meyleendah.com\/index.php\/wp-json\/wp\/v2\/media?parent=31"}],"curies":[{"name":"wp","href":"https:\/\/api.w.org\/{rel}","templated":true}]}}